{"id":2048,"date":"2023-03-28T15:15:17","date_gmt":"2023-03-28T12:15:17","guid":{"rendered":"https:\/\/aquacool.com.tr\/%d0%be%d0%bd%d0%bb%d0%b0%d0%b9%d0%bd-%d0%bf%d0%be%d0%ba%d1%83%d0%bf%d0%ba%d0%b8\/"},"modified":"2024-11-05T15:44:51","modified_gmt":"2024-11-05T12:44:51","slug":"%d0%be%d0%bd%d0%bb%d0%b0%d0%b9%d0%bd-%d0%bf%d0%be%d0%ba%d1%83%d0%bf%d0%ba%d0%b8","status":"publish","type":"page","link":"https:\/\/aquacool.com.tr\/ru\/%d0%be%d0%bd%d0%bb%d0%b0%d0%b9%d0%bd-%d0%bf%d0%be%d0%ba%d1%83%d0%bf%d0%ba%d0%b8\/","title":{"rendered":"\u041e\u043d\u043b\u0430\u0439\u043d-\u043f\u043e\u043a\u0443\u043f\u043a\u0438"},"content":{"rendered":"  <div id=\"page-header-771218029\" class=\"page-header-wrapper\">\n  <div class=\"page-title dark featured-title\">\n\n        <div class=\"page-title-bg\">\n      <div class=\"title-bg fill bg-fill\"\n        data-parallax-container=\".page-title\"\n        data-parallax-background\n        data-parallax=\"-\">\n      <\/div>\n      <div class=\"title-overlay fill\"><\/div>\n    <\/div>\n    \n    <div class=\"page-title-inner container align-center text-center flex-row-col medium-flex-wrap\" >\n              <div class=\"title-wrapper flex-col\">\n          <h1 class=\"entry-title mb-0\">\n            \u041e\u043d\u043b\u0430\u0439\u043d-\u043f\u043e\u043a\u0443\u043f\u043a\u0438          <\/h1>\n        <\/div>\n                    <div class=\"title-content flex-col\">\n              <\/div>\n    <\/div>\n\n     \n<style>\n#page-header-771218029 .featured-title {\n  background-color: rgb(65, 65, 65);\n}\n<\/style>\n  <\/div>\n    <\/div>\n  \n<div class=\"row align-middle align-center\"  id=\"row-727046370\">\n\n\t<div id=\"col-1425804223\" class=\"col medium-6 small-12 large-6\"  >\n\t\t\t\t<div class=\"col-inner text-center\"  >\n\t\t\t\n\t\t\t\n\t<div id=\"gap-821969274\" class=\"gap-element clearfix\" style=\"display:block; height:auto;\">\n\t\t\n<style>\n#gap-821969274 {\n  padding-top: 40px;\n}\n<\/style>\n\t<\/div>\n\t\n<div id=\"footable_parent_973\"\n         class=\" footable_parent ninja_table_wrapper loading_ninja_table wp_table_data_press_parent semantic_ui \">\n                <table data-ninja_table_instance=\"ninja_table_instance_0\" data-footable_id=\"973\" data-filter-delay=\"1000\" aria-label=\"Online Al\u0131\u015fveri\u015f\"            id=\"footable_973\"\n           data-unique_identifier=\"ninja_table_unique_id_1771708387_973\"\n           class=\" foo-table ninja_footable foo_table_973 ninja_table_unique_id_1771708387_973 ui table  nt_type_ajax_table striped compact vertical_centered  footable-paging-left\">\n                <colgroup>\n                            <col class=\"ninja_column_0 \">\n                            <col class=\"ninja_column_1 \">\n                    <\/colgroup>\n            <\/table>\n    \n    \n    \n<\/div>\n\n\t\t<\/div>\n\t\t\t\t\t<\/div>\n\n\t\n<\/div>\n","protected":false},"excerpt":{"rendered":"","protected":false},"author":1,"featured_media":0,"parent":0,"menu_order":0,"comment_status":"closed","ping_status":"closed","template":"page-blank.php","meta":{"footnotes":""},"class_list":["post-2048","page","type-page","status-publish","hentry"],"_links":{"self":[{"href":"https:\/\/aquacool.com.tr\/ru\/wp-json\/wp\/v2\/pages\/2048","targetHints":{"allow":["GET"]}}],"collection":[{"href":"https:\/\/aquacool.com.tr\/ru\/wp-json\/wp\/v2\/pages"}],"about":[{"href":"https:\/\/aquacool.com.tr\/ru\/wp-json\/wp\/v2\/types\/page"}],"author":[{"embeddable":true,"href":"https:\/\/aquacool.com.tr\/ru\/wp-json\/wp\/v2\/users\/1"}],"replies":[{"embeddable":true,"href":"https:\/\/aquacool.com.tr\/ru\/wp-json\/wp\/v2\/comments?post=2048"}],"version-history":[{"count":0,"href":"https:\/\/aquacool.com.tr\/ru\/wp-json\/wp\/v2\/pages\/2048\/revisions"}],"wp:attachment":[{"href":"https:\/\/aquacool.com.tr\/ru\/wp-json\/wp\/v2\/media?parent=2048"}],"curies":[{"name":"wp","href":"https:\/\/api.w.org\/{rel}","templated":true}]}}