{"id":1567,"date":"2023-03-28T15:15:17","date_gmt":"2023-03-28T12:15:17","guid":{"rendered":"https:\/\/aquacool.com.tr\/online-shopping\/"},"modified":"2024-10-31T14:00:42","modified_gmt":"2024-10-31T11:00:42","slug":"online-shopping","status":"publish","type":"page","link":"https:\/\/aquacool.com.tr\/en\/online-shopping\/","title":{"rendered":"Online Shopping"},"content":{"rendered":"  <div id=\"page-header-313925327\" class=\"page-header-wrapper\">\n  <div class=\"page-title dark featured-title\">\n\n        <div class=\"page-title-bg\">\n      <div class=\"title-bg fill bg-fill\"\n        data-parallax-container=\".page-title\"\n        data-parallax-background\n        data-parallax=\"-\">\n      <\/div>\n      <div class=\"title-overlay fill\"><\/div>\n    <\/div>\n    \n    <div class=\"page-title-inner container align-center text-center flex-row-col medium-flex-wrap\" >\n              <div class=\"title-wrapper flex-col\">\n          <h1 class=\"entry-title mb-0\">\n            Online Shopping          <\/h1>\n        <\/div>\n                    <div class=\"title-content flex-col\">\n              <\/div>\n    <\/div>\n\n     \n<style>\n#page-header-313925327 .featured-title {\n  background-color: rgb(65, 65, 65);\n}\n<\/style>\n  <\/div>\n    <\/div>\n  \n<div class=\"row align-middle align-center\"  id=\"row-1436683621\">\n\n\t<div id=\"col-75335774\" class=\"col medium-6 small-12 large-6\"  >\n\t\t\t\t<div class=\"col-inner text-center\"  >\n\t\t\t\n\t\t\t\n\t<div id=\"gap-2091905362\" class=\"gap-element clearfix\" style=\"display:block; height:auto;\">\n\t\t\n<style>\n#gap-2091905362 {\n  padding-top: 40px;\n}\n<\/style>\n\t<\/div>\n\t\n<div id=\"footable_parent_973\"\n         class=\" footable_parent ninja_table_wrapper loading_ninja_table wp_table_data_press_parent semantic_ui \">\n                <table data-ninja_table_instance=\"ninja_table_instance_0\" data-footable_id=\"973\" data-filter-delay=\"1000\" aria-label=\"Online Al\u0131\u015fveri\u015f\"            id=\"footable_973\"\n           data-unique_identifier=\"ninja_table_unique_id_2007975799_973\"\n           class=\" foo-table ninja_footable foo_table_973 ninja_table_unique_id_2007975799_973 ui table  nt_type_ajax_table striped compact vertical_centered  footable-paging-left\">\n                <colgroup>\n                            <col class=\"ninja_column_0 \">\n                            <col class=\"ninja_column_1 \">\n                    <\/colgroup>\n            <\/table>\n    \n    \n    \n<\/div>\n\n\t\t<\/div>\n\t\t\t\t\t<\/div>\n\n\t\n<\/div>\n","protected":false},"excerpt":{"rendered":"","protected":false},"author":1,"featured_media":0,"parent":0,"menu_order":0,"comment_status":"closed","ping_status":"closed","template":"page-blank.php","meta":{"footnotes":""},"class_list":["post-1567","page","type-page","status-publish","hentry"],"_links":{"self":[{"href":"https:\/\/aquacool.com.tr\/en\/wp-json\/wp\/v2\/pages\/1567","targetHints":{"allow":["GET"]}}],"collection":[{"href":"https:\/\/aquacool.com.tr\/en\/wp-json\/wp\/v2\/pages"}],"about":[{"href":"https:\/\/aquacool.com.tr\/en\/wp-json\/wp\/v2\/types\/page"}],"author":[{"embeddable":true,"href":"https:\/\/aquacool.com.tr\/en\/wp-json\/wp\/v2\/users\/1"}],"replies":[{"embeddable":true,"href":"https:\/\/aquacool.com.tr\/en\/wp-json\/wp\/v2\/comments?post=1567"}],"version-history":[{"count":0,"href":"https:\/\/aquacool.com.tr\/en\/wp-json\/wp\/v2\/pages\/1567\/revisions"}],"wp:attachment":[{"href":"https:\/\/aquacool.com.tr\/en\/wp-json\/wp\/v2\/media?parent=1567"}],"curies":[{"name":"wp","href":"https:\/\/api.w.org\/{rel}","templated":true}]}}